{"id":5699,"date":"2025-02-14T15:29:52","date_gmt":"2025-02-14T14:29:52","guid":{"rendered":"https:\/\/aero-gse.com\/warranty-claim\/"},"modified":"2025-03-03T12:04:07","modified_gmt":"2025-03-03T11:04:07","slug":"zgloszenie-serwisowe","status":"publish","type":"page","link":"https:\/\/aero-gse.com\/pl\/zgloszenie-serwisowe\/","title":{"rendered":"Zg\u0142oszenie serwisowe"},"content":{"rendered":"<h2 style=\"text-align: center;\">Zg\u0142oszenie serwisowe<\/h2>\n\n<div class=\"wpcf7 no-js\" id=\"wpcf7-f5694-o1\" lang=\"en-US\" dir=\"ltr\" data-wpcf7-id=\"5694\">\n<div class=\"screen-reader-response\"><p role=\"status\" aria-live=\"polite\" aria-atomic=\"true\"><\/p> <ul><\/ul><\/div>\n<form action=\"\/pl\/wp-json\/wp\/v2\/pages\/5699#wpcf7-f5694-o1\" method=\"post\" class=\"wpcf7-form init\" aria-label=\"Contact form\" enctype=\"multipart\/form-data\" novalidate=\"novalidate\" data-status=\"init\">\n<div style=\"display: none;\">\n<input type=\"hidden\" name=\"_wpcf7\" value=\"5694\" \/>\n<input type=\"hidden\" name=\"_wpcf7_version\" value=\"6.0.4\" \/>\n<input type=\"hidden\" name=\"_wpcf7_locale\" value=\"en_US\" \/>\n<input type=\"hidden\" name=\"_wpcf7_unit_tag\" value=\"wpcf7-f5694-o1\" \/>\n<input type=\"hidden\" name=\"_wpcf7_container_post\" value=\"0\" \/>\n<input type=\"hidden\" name=\"_wpcf7_posted_data_hash\" value=\"\" \/>\n<input type=\"hidden\" name=\"_wpcf7_recaptcha_response\" value=\"\" \/>\n<\/div>\n<div class=\"formularz_rental\" id=\"formularz_rental\">\n\t<h3>Dane urz\u0105dzenia\n\t<\/h3>\n\t<p><label class=\"form-group\">Zlecenie (wymagane)<\/label><br \/>\n<span class=\"wpcf7-form-control-wrap\" data-name=\"request_type\"><span class=\"wpcf7-form-control wpcf7-radio\"><span class=\"wpcf7-list-item first\"><label><input type=\"radio\" name=\"request_type\" value=\"przegl\u0105d\" checked=\"checked\" \/><span class=\"wpcf7-list-item-label\">przegl\u0105d<\/span><\/label><\/span><span class=\"wpcf7-list-item last\"><label><input type=\"radio\" name=\"request_type\" value=\"naprawa\" \/><span class=\"wpcf7-list-item-label\">naprawa<\/span><\/label><\/span><\/span><\/span>\n\t<\/p>\n\t<p><label class=\"form-group\">Typ dzia\u0142ania (wymagane)<\/label><br \/>\n<span class=\"wpcf7-form-control-wrap\" data-name=\"action_type\"><span class=\"wpcf7-form-control wpcf7-radio\"><span class=\"wpcf7-list-item first\"><label><input type=\"radio\" name=\"action_type\" value=\"w ramach gwarancji\" checked=\"checked\" \/><span class=\"wpcf7-list-item-label\">w ramach gwarancji<\/span><\/label><\/span><span class=\"wpcf7-list-item last\"><label><input type=\"radio\" name=\"action_type\" value=\"us\u0142uga p\u0142atna\" \/><span class=\"wpcf7-list-item-label\">us\u0142uga p\u0142atna<\/span><\/label><\/span><\/span><\/span>\n\t<\/p>\n\t<p><label class=\"form-group\">Typ urz\u0105dzenia (wymagane)<\/label><br \/>\n<span class=\"wpcf7-form-control-wrap\" data-name=\"device_type\"><input size=\"40\" maxlength=\"400\" class=\"wpcf7-form-control wpcf7-text wpcf7-validates-as-required\" aria-required=\"true\" aria-invalid=\"false\" value=\"\" type=\"text\" name=\"device_type\" \/><\/span>\n\t<\/p>\n\t<p><label class=\"form-group\">Producent urz\u0105dzenia (wymagane)<\/label><br \/>\n<span class=\"wpcf7-form-control-wrap\" data-name=\"device_manufacturer\"><input size=\"40\" maxlength=\"400\" class=\"wpcf7-form-control wpcf7-text wpcf7-validates-as-required\" aria-required=\"true\" aria-invalid=\"false\" value=\"\" type=\"text\" name=\"device_manufacturer\" \/><\/span>\n\t<\/p>\n\t<p><label class=\"form-group\">Numer seryjny (wymagane)<\/label><br \/>\n<span class=\"wpcf7-form-control-wrap\" data-name=\"serial_number\"><input size=\"40\" maxlength=\"400\" class=\"wpcf7-form-control wpcf7-text wpcf7-validates-as-required\" aria-required=\"true\" aria-invalid=\"false\" value=\"\" type=\"text\" name=\"serial_number\" \/><\/span>\n\t<\/p>\n\t<p><label class=\"form-group\">Liczba motogodzin<\/label><br \/>\n<span class=\"wpcf7-form-control-wrap\" data-name=\"operating_hours\"><input size=\"40\" maxlength=\"400\" class=\"wpcf7-form-control wpcf7-text\" aria-invalid=\"false\" value=\"\" type=\"text\" name=\"operating_hours\" \/><\/span>\n\t<\/p>\n\t<p><label class=\"form-group\">Opis zg\u0142oszenia \/ uszkodzenie (wymagane)<\/label><br \/>\n<span class=\"wpcf7-form-control-wrap\" data-name=\"issue_description\"><textarea cols=\"40\" rows=\"10\" maxlength=\"2000\" class=\"wpcf7-form-control wpcf7-textarea wpcf7-validates-as-required\" aria-required=\"true\" aria-invalid=\"false\" name=\"issue_description\"><\/textarea><\/span>\n\t<\/p>\n\t<p><label class=\"form-group\">Czy urz\u0105dzenie jest wy\u0142\u0105czone z eksploatacji? (wymagane)<\/label><br \/>\n<span class=\"wpcf7-form-control-wrap\" data-name=\"out_of_operation\"><span class=\"wpcf7-form-control wpcf7-radio\"><span class=\"wpcf7-list-item first\"><label><input type=\"radio\" name=\"out_of_operation\" value=\"tak\" checked=\"checked\" \/><span class=\"wpcf7-list-item-label\">tak<\/span><\/label><\/span><span class=\"wpcf7-list-item last\"><label><input type=\"radio\" name=\"out_of_operation\" value=\"nie\" \/><span class=\"wpcf7-list-item-label\">nie<\/span><\/label><\/span><\/span><\/span>\n\t<\/p>\n\t<p><label class=\"form-group\">Zdj\u0119cia (max 5MB)<\/label><br \/>\n<span class=\"wpcf7-form-control-wrap\" data-name=\"upload_images\"><input size=\"40\" class=\"wpcf7-form-control wpcf7-file\" accept=\"audio\/*,video\/*,image\/*\" aria-invalid=\"false\" type=\"file\" name=\"upload_images\" \/><\/span>\n\t<\/p>\n\t<h3>Zleceniodawca\n\t<\/h3>\n\t<p><label class=\"form-group\">Nazwa (wymagane)<\/label><br \/>\n<span class=\"wpcf7-form-control-wrap\" data-name=\"company_name\"><input size=\"40\" maxlength=\"400\" class=\"wpcf7-form-control wpcf7-text wpcf7-validates-as-required\" aria-required=\"true\" aria-invalid=\"false\" value=\"\" type=\"text\" name=\"company_name\" \/><\/span>\n\t<\/p>\n\t<p><label class=\"form-group\">Ulica (wymagane)<\/label><br \/>\n<span class=\"wpcf7-form-control-wrap\" data-name=\"street_address\"><input size=\"40\" maxlength=\"400\" class=\"wpcf7-form-control wpcf7-text wpcf7-validates-as-required\" aria-required=\"true\" aria-invalid=\"false\" value=\"\" type=\"text\" name=\"street_address\" \/><\/span>\n\t<\/p>\n\t<p><label class=\"form-group\">Miasto (wymagane)<\/label><br \/>\n<span class=\"wpcf7-form-control-wrap\" data-name=\"city\"><input size=\"40\" maxlength=\"400\" class=\"wpcf7-form-control wpcf7-text wpcf7-validates-as-required\" aria-required=\"true\" aria-invalid=\"false\" value=\"\" type=\"text\" name=\"city\" \/><\/span>\n\t<\/p>\n\t<p><label class=\"form-group\">Kod pocztowy (wymagane)<\/label><br \/>\n<span class=\"wpcf7-form-control-wrap\" data-name=\"postal_code\"><input size=\"40\" maxlength=\"400\" class=\"wpcf7-form-control wpcf7-text wpcf7-validates-as-required\" aria-required=\"true\" aria-invalid=\"false\" value=\"\" type=\"text\" name=\"postal_code\" \/><\/span>\n\t<\/p>\n\t<p><label class=\"form-group\">NIP<\/label><br \/>\n<span class=\"wpcf7-form-control-wrap\" data-name=\"tax_id\"><input size=\"40\" maxlength=\"400\" class=\"wpcf7-form-control wpcf7-text\" aria-invalid=\"false\" value=\"\" type=\"text\" name=\"tax_id\" \/><\/span>\n\t<\/p>\n\t<p><label class=\"form-group\">Telefon (wymagane)<\/label><br \/>\n<span class=\"wpcf7-form-control-wrap\" data-name=\"phone_number\"><input size=\"40\" maxlength=\"400\" class=\"wpcf7-form-control wpcf7-tel wpcf7-validates-as-required wpcf7-text wpcf7-validates-as-tel\" aria-required=\"true\" aria-invalid=\"false\" value=\"\" type=\"tel\" name=\"phone_number\" \/><\/span>\n\t<\/p>\n\t<p><label class=\"form-group\">Osoba zg\u0142aszaj\u0105ca (wymagane)<\/label><br \/>\n<span class=\"wpcf7-form-control-wrap\" data-name=\"contact_person\"><input size=\"40\" maxlength=\"400\" class=\"wpcf7-form-control wpcf7-text wpcf7-validates-as-required\" aria-required=\"true\" aria-invalid=\"false\" value=\"\" type=\"text\" name=\"contact_person\" \/><\/span>\n\t<\/p>\n\t<p><label class=\"form-group\">E-mail (wymagane)<\/label><br \/>\n<span class=\"wpcf7-form-control-wrap\" data-name=\"email\"><input size=\"40\" maxlength=\"400\" class=\"wpcf7-form-control wpcf7-email wpcf7-validates-as-required wpcf7-text wpcf7-validates-as-email\" aria-required=\"true\" aria-invalid=\"false\" value=\"\" type=\"email\" name=\"email\" \/><\/span>\n\t<\/p>\n\t<p><label class=\"form-group\">Miejsce postoju urz\u0105dzenia<\/label><br \/>\n<span class=\"wpcf7-form-control-wrap\" data-name=\"device_location\"><input size=\"40\" maxlength=\"400\" class=\"wpcf7-form-control wpcf7-text\" aria-invalid=\"false\" value=\"\" type=\"text\" name=\"device_location\" \/><\/span>\n\t<\/p>\n\t<h3>Osoba kontaktowa na miejscu\n\t<\/h3>\n\t<p><label class=\"form-group\">Imi\u0119 i nazwisko (wymagane)<\/label><br \/>\n<span class=\"wpcf7-form-control-wrap\" data-name=\"onsite_contact_name\"><input size=\"40\" maxlength=\"400\" class=\"wpcf7-form-control wpcf7-text wpcf7-validates-as-required\" aria-required=\"true\" aria-invalid=\"false\" value=\"\" type=\"text\" name=\"onsite_contact_name\" \/><\/span>\n\t<\/p>\n\t<p><label class=\"form-group\">Telefon (wymagane)<\/label><br \/>\n<span class=\"wpcf7-form-control-wrap\" data-name=\"onsite_phone_number\"><input size=\"40\" maxlength=\"400\" class=\"wpcf7-form-control wpcf7-tel wpcf7-validates-as-required wpcf7-text wpcf7-validates-as-tel\" aria-required=\"true\" aria-invalid=\"false\" value=\"\" type=\"tel\" name=\"onsite_phone_number\" \/><\/span>\n\t<\/p>\n\t<p><label class=\"form-group\">E-mail (wymagane)<\/label><br \/>\n<span class=\"wpcf7-form-control-wrap\" data-name=\"onsite_email\"><input size=\"40\" maxlength=\"400\" class=\"wpcf7-form-control wpcf7-email wpcf7-validates-as-required wpcf7-text wpcf7-validates-as-email\" aria-required=\"true\" aria-invalid=\"false\" value=\"\" type=\"email\" name=\"onsite_email\" \/><\/span>\n\t<\/p>\n\t<p><label class=\"form-submit\"><input class=\"wpcf7-form-control wpcf7-submit has-spinner\" type=\"submit\" value=\"Wy\u015blij\" \/><\/label>\n\t<\/p>\n<\/div><div class=\"wpcf7-response-output\" aria-hidden=\"true\"><\/div>\n<\/form>\n<\/div>\n\n","protected":false},"excerpt":{"rendered":"<p>Zg\u0142oszenie serwisowe<\/p>\n","protected":false},"author":1,"featured_media":0,"parent":0,"menu_order":0,"comment_status":"closed","ping_status":"closed","template":"","meta":{"footnotes":""},"class_list":["post-5699","page","type-page","status-publish"],"yoast_head":"<!-- This site is optimized with the Yoast SEO plugin v24.6 - https:\/\/yoast.com\/wordpress\/plugins\/seo\/ -->\n<title>Zg\u0142oszenie serwisowe - AERO GSE<\/title>\n<meta name=\"robots\" content=\"index, follow, max-snippet:-1, max-image-preview:large, max-video-preview:-1\" \/>\n<link rel=\"canonical\" href=\"https:\/\/aero-gse.com\/warranty-claim\/\" \/>\n<meta property=\"og:locale\" content=\"pl_PL\" \/>\n<meta property=\"og:type\" content=\"article\" \/>\n<meta property=\"og:title\" content=\"Zg\u0142oszenie serwisowe - AERO GSE\" \/>\n<meta property=\"og:description\" content=\"Zg\u0142oszenie serwisowe\" \/>\n<meta property=\"og:url\" content=\"https:\/\/aero-gse.com\/warranty-claim\/\" \/>\n<meta property=\"og:site_name\" content=\"AERO GSE\" \/>\n<meta property=\"article:modified_time\" content=\"2025-03-03T11:04:07+00:00\" \/>\n<meta name=\"twitter:card\" content=\"summary_large_image\" \/>\n<script type=\"application\/ld+json\" class=\"yoast-schema-graph\">{\"@context\":\"https:\/\/schema.org\",\"@graph\":[{\"@type\":\"WebPage\",\"@id\":\"https:\/\/aero-gse.com\/warranty-claim\/\",\"url\":\"https:\/\/aero-gse.com\/warranty-claim\/\",\"name\":\"Zg\u0142oszenie serwisowe - AERO GSE\",\"isPartOf\":{\"@id\":\"https:\/\/aero-gse.com\/#website\"},\"datePublished\":\"2025-02-14T14:29:52+00:00\",\"dateModified\":\"2025-03-03T11:04:07+00:00\",\"breadcrumb\":{\"@id\":\"https:\/\/aero-gse.com\/warranty-claim\/#breadcrumb\"},\"inLanguage\":\"pl-PL\",\"potentialAction\":[{\"@type\":\"ReadAction\",\"target\":[\"https:\/\/aero-gse.com\/warranty-claim\/\"]}]},{\"@type\":\"BreadcrumbList\",\"@id\":\"https:\/\/aero-gse.com\/warranty-claim\/#breadcrumb\",\"itemListElement\":[{\"@type\":\"ListItem\",\"position\":1,\"name\":\"Strona g\u0142\u00f3wna\",\"item\":\"https:\/\/aero-gse.com\/pl\/\"},{\"@type\":\"ListItem\",\"position\":2,\"name\":\"Zg\u0142oszenie serwisowe\"}]},{\"@type\":\"WebSite\",\"@id\":\"https:\/\/aero-gse.com\/#website\",\"url\":\"https:\/\/aero-gse.com\/\",\"name\":\"AERO GSE\",\"description\":\"\",\"potentialAction\":[{\"@type\":\"SearchAction\",\"target\":{\"@type\":\"EntryPoint\",\"urlTemplate\":\"https:\/\/aero-gse.com\/?s={search_term_string}\"},\"query-input\":{\"@type\":\"PropertyValueSpecification\",\"valueRequired\":true,\"valueName\":\"search_term_string\"}}],\"inLanguage\":\"pl-PL\"}]}<\/script>\n<!-- \/ Yoast SEO plugin. -->","yoast_head_json":{"title":"Zg\u0142oszenie serwisowe - AERO GSE","robots":{"index":"index","follow":"follow","max-snippet":"max-snippet:-1","max-image-preview":"max-image-preview:large","max-video-preview":"max-video-preview:-1"},"canonical":"https:\/\/aero-gse.com\/warranty-claim\/","og_locale":"pl_PL","og_type":"article","og_title":"Zg\u0142oszenie serwisowe - AERO GSE","og_description":"Zg\u0142oszenie serwisowe","og_url":"https:\/\/aero-gse.com\/warranty-claim\/","og_site_name":"AERO GSE","article_modified_time":"2025-03-03T11:04:07+00:00","twitter_card":"summary_large_image","schema":{"@context":"https:\/\/schema.org","@graph":[{"@type":"WebPage","@id":"https:\/\/aero-gse.com\/warranty-claim\/","url":"https:\/\/aero-gse.com\/warranty-claim\/","name":"Zg\u0142oszenie serwisowe - AERO GSE","isPartOf":{"@id":"https:\/\/aero-gse.com\/#website"},"datePublished":"2025-02-14T14:29:52+00:00","dateModified":"2025-03-03T11:04:07+00:00","breadcrumb":{"@id":"https:\/\/aero-gse.com\/warranty-claim\/#breadcrumb"},"inLanguage":"pl-PL","potentialAction":[{"@type":"ReadAction","target":["https:\/\/aero-gse.com\/warranty-claim\/"]}]},{"@type":"BreadcrumbList","@id":"https:\/\/aero-gse.com\/warranty-claim\/#breadcrumb","itemListElement":[{"@type":"ListItem","position":1,"name":"Strona g\u0142\u00f3wna","item":"https:\/\/aero-gse.com\/pl\/"},{"@type":"ListItem","position":2,"name":"Zg\u0142oszenie serwisowe"}]},{"@type":"WebSite","@id":"https:\/\/aero-gse.com\/#website","url":"https:\/\/aero-gse.com\/","name":"AERO GSE","description":"","potentialAction":[{"@type":"SearchAction","target":{"@type":"EntryPoint","urlTemplate":"https:\/\/aero-gse.com\/?s={search_term_string}"},"query-input":{"@type":"PropertyValueSpecification","valueRequired":true,"valueName":"search_term_string"}}],"inLanguage":"pl-PL"}]}},"_links":{"self":[{"href":"https:\/\/aero-gse.com\/pl\/wp-json\/wp\/v2\/pages\/5699","targetHints":{"allow":["GET"]}}],"collection":[{"href":"https:\/\/aero-gse.com\/pl\/wp-json\/wp\/v2\/pages"}],"about":[{"href":"https:\/\/aero-gse.com\/pl\/wp-json\/wp\/v2\/types\/page"}],"author":[{"embeddable":true,"href":"https:\/\/aero-gse.com\/pl\/wp-json\/wp\/v2\/users\/1"}],"replies":[{"embeddable":true,"href":"https:\/\/aero-gse.com\/pl\/wp-json\/wp\/v2\/comments?post=5699"}],"version-history":[{"count":3,"href":"https:\/\/aero-gse.com\/pl\/wp-json\/wp\/v2\/pages\/5699\/revisions"}],"predecessor-version":[{"id":5777,"href":"https:\/\/aero-gse.com\/pl\/wp-json\/wp\/v2\/pages\/5699\/revisions\/5777"}],"wp:attachment":[{"href":"https:\/\/aero-gse.com\/pl\/wp-json\/wp\/v2\/media?parent=5699"}],"curies":[{"name":"wp","href":"https:\/\/api.w.org\/{rel}","templated":true}]}}