{"id":4012,"date":"2020-08-05T09:17:41","date_gmt":"2020-08-05T07:17:41","guid":{"rendered":"http:\/\/aero-gse.com\/privacy-policy\/"},"modified":"2020-08-05T09:38:40","modified_gmt":"2020-08-05T07:38:40","slug":"polityka-prywatnosci","status":"publish","type":"page","link":"https:\/\/aero-gse.com\/pl\/polityka-prywatnosci\/","title":{"rendered":"Polityka prywatno\u015bci"},"content":{"rendered":"<p>Warunki Og\u00f3lne I Polityka Prywatno\u015bci<br \/>\nKorzystaj\u0105c z niniejszej strony internetowej i wysy\u0142aj\u0105c zapytania poprzez formularz kontaktowy lub e-mail o\u015bwiadczasz, \u017ce znasz i akceptujesz poni\u017csze warunki og\u00f3lne oraz polityk\u0119 prywatno\u015bci AERO-GSE Sp. z o.o. Sp. K.<\/p>\n<p>W\u0142asno\u015b\u0107 intelektualna<br \/>\nCopyright<br \/>\nWszystkie materia\u0142y dost\u0119pne na stronie AERO-GSE s\u0105 chronione prawem w\u0142asno\u015bci intelektualnej.<br \/>\nCopyright\u00a02018\u00a0AERO-GSE Sp. z o.o. S. K. Wszystkie prawa zastrze\u017cone. Ca\u0142o\u015b\u0107 ani \u017cadna cz\u0119\u015b\u0107 materia\u0142\u00f3w dost\u0119pnych na stronie AERO-GSE Sp. z o.o. S. K. nie mo\u017ce by\u0107 kopiowana w jakikolwiek spos\u00f3b, t\u0142umaczona, skracana ani przetwarzana w jakiekolwiek inny spos\u00f3b, czy to w formie elektronicznej, czy innej mo\u017cliwej do odczytania na no\u015bnikach elektronicznych, bez wcze\u015bniejszej pisemnej zgody AERO-GSE Sp. z o.o. S. K.<\/p>\n<p>Trade Marks<br \/>\nLogo AERO-GSE jest znakiem zastrze\u017conym AERO-GSE.<\/p>\n<p>Polityka Prywatno\u015bci<br \/>\nAdministratorem danych osobowych jest AERO-GSE Sp. z o.o. Sp. K. z siedzib\u0105 w Krakowie, przy ul. Balickiej 100, za\u0142o\u017cona I zarejestrowana w Polsce w Krajowym Rejestrze S\u0105dowym pod numerem 0000677120. Przetwarzamy dane osobowe na podstawie:<br \/>\nart. 6 ust. 1 lit. b) RODO \u2013 je\u015bli jest to niezb\u0119dne do wykonania umowy, kt\u00f3rej stron\u0105 jest osoba, kt\u00f3rej dane dotycz\u0105, lub do podj\u0119cia dzia\u0142a\u0144 na \u017c\u0105danie osoby, kt\u00f3rej dane dotycz\u0105, przed zawarciem umowy;<br \/>\nart. 6 ust. 1 lit. f) RODO \u2013 w przypadku prawnie uzasadnionych interes\u00f3w realizowanych przez nas lub przez stron\u0119 trzeci\u0105;<br \/>\nart. 6 ust. 1 lit. a) RODO \u2013 dobrowolnej zgody,<br \/>\nart. 6 ust. 1 lit. c) RODO \u2013 wymog\u00f3w ustawowych.<br \/>\nJe\u015bli kontaktujesz si\u0119 z nami poprzez e-mail lub formularz kontaktowy, zbieramy Twoje dane do nast\u0119puj\u0105cych cel\u00f3w:<br \/>\ndo przetwarzania Twojego zapytania lub zam\u00f3wienia;<br \/>\ndo zapewnienia jak najlepszej obs\u0142ugi zg\u0142oszenia, w tym do uzyskania przepustek, wizy lub innych dokument\u00f3w niezb\u0119dnych do realizacji zam\u00f3wienia;<br \/>\ndo okazjonalnego wysy\u0142ania e-maili I materia\u0142\u00f3w marketingowych, zawieraj\u0105cych informacje o naszych produktach, us\u0142ugach I zaproszenia na wydarzenia, w kt\u00f3rych bierzemy udzia\u0142 (konferencje, prezentacje, targi bran\u017cowe itp.).<br \/>\nTwoje dane osobowe mog\u0105 by\u0107 przekazane I przetwarzane w kraju spoza Europejskiego Obszaru Gospodarczego (EOG). Twoje dane b\u0119d\u0105 przekazywane tylko dla cel\u00f3w wymienionych w tek\u015bcie powy\u017cej. Przesy\u0142aj\u0105c do nas swoje dane osobowe o\u015bwiadczasz, \u017ce zgadzasz si\u0119 na przekazanie danych, przetwarzanie i przechowywanie. Zobowi\u0105zujemy si\u0119 podj\u0105\u0107 wszystkie niezb\u0119dne kroki w celu zapewnienia, \u017ce Twoje dane s\u0105 przetwarzane w bezpieczny spos\u00f3b i zgodnie z niniejsz\u0105 polityk\u0105 prywatno\u015bci.<br \/>\nZbieramy I przetwarzamy jedn\u0105 lub wi\u0119cej rodzaj\u00f3w danych osobowych, wymienionych poni\u017cej:<br \/>\n\u2022 imi\u0119 I nazwisko;<br \/>\n\u2022 adres;<br \/>\n\u2022 numer telefonu;<br \/>\n\u2022 adres e-mail;<br \/>\n\u2022 nazw\u0119 Twojej firmy;<br \/>\n\u2022 zajmowane przez Ciebie stanowisko.<br \/>\nNigdy nie zbieramy danych wra\u017cliwych bez uprzedniej pisemnej Twojej zgody. Nie korzystamy z system\u00f3w s\u0142u\u017c\u0105cych do zautomatyzowanego podejmowania decyzji.<br \/>\nDane osobowe zazwyczaj b\u0119d\u0105 przetwarzane przez czas wykonania umowy, natomiast po zako\u0144czeniu umowy \u2013 w celach archiwizacyjnych, na podstawie art. 74 ustawy z dnia 29 wrze\u015bnia 1994 r. o rachunkowo\u015bci oraz art. 6 ust. 1 lit. c) RODO.<br \/>\nW celu sprawdzenia, weryfikacji, poprawy, zmiany lub \u017c\u0105dania usuni\u0119cia danych osobowych, wniesienia sprzeciwu wobec przetwarzania danych osobowych, \u017c\u0105dania ograniczenia przetwarzania danych osobowych lub \u017c\u0105dania przes\u0142ania kopii danych osobowych do trzeciej strony, prosimy o wys\u0142anie wiadomo\u015bci e-mail na adres admin@aero-gse.com lub w formie pisemnej do AERO-GSE Sp. z o.o. Sp. K., ul. Balicka 100, 30-149 Krak\u00f3w, Polska.<\/p>\n<p>Na naszej stronie mog\u0105 pojawia\u0107 si\u0119 linki do stron internetowych firm trzecich. U\u017cywaj\u0105c linku do tych stron pami\u0119taj, \u017ce posiadaj\u0105 one w\u0142asne polityki prywatno\u015bci i my nie ponosimy odpowiedzialno\u015bci za ich tre\u015b\u0107 i przestrzeganie. Zalecamy zapoznanie si\u0119 z polityk\u0105 bezpiecze\u0144stwa tych stron przed przes\u0142aniem swoich danych.<br \/>\nZobowi\u0105zujemy si\u0119 przestrzega\u0107 wszystkich odpowiednich praw i przepis\u00f3w dotycz\u0105cych ochrony danych (lokalnych, krajowych lub ponadnarodowych), w tym:<br \/>\nustawy z dnia 29 sierpnia 1997 roku o ochronie danych osobowych;<br \/>\nwszystkie maj\u0105ce zastosowanie wymagania Rozporz\u0105dzenia Og\u00f3lnego o Ochronie Danych Osobowych ((EU) 2016\/679) (\u201cRODO&#8221;) I ka\u017cdej krajowej implementacji tego rozporz\u0105dzenia, ustaw i akt\u00f3w wykonawczych, \u0142\u0105cznie z p\u00f3\u017aniejszymi zmianami.<\/p>\n","protected":false},"excerpt":{"rendered":"<p>Warunki Og\u00f3lne I Polityka Prywatno\u015bci Korzystaj\u0105c z niniejszej strony internetowej i wysy\u0142aj\u0105c zapytania poprzez formularz kontaktowy lub e-mail o\u015bwiadczasz, \u017ce znasz i akceptujesz poni\u017csze warunki&#8230;<\/p>\n","protected":false},"author":1,"featured_media":0,"parent":0,"menu_order":0,"comment_status":"closed","ping_status":"closed","template":"","meta":{"footnotes":""},"class_list":["post-4012","page","type-page","status-publish"],"yoast_head":"<!-- This site is optimized with the Yoast SEO plugin v24.6 - https:\/\/yoast.com\/wordpress\/plugins\/seo\/ -->\n<title>Polityka prywatno\u015bci - AERO GSE<\/title>\n<meta name=\"robots\" content=\"index, follow, max-snippet:-1, max-image-preview:large, max-video-preview:-1\" \/>\n<link rel=\"canonical\" href=\"https:\/\/aero-gse.com\/privacy-policy\/\" \/>\n<meta property=\"og:locale\" content=\"pl_PL\" \/>\n<meta property=\"og:type\" content=\"article\" \/>\n<meta property=\"og:title\" content=\"Polityka prywatno\u015bci - AERO GSE\" \/>\n<meta property=\"og:description\" content=\"Warunki Og\u00f3lne I Polityka Prywatno\u015bci Korzystaj\u0105c z niniejszej strony internetowej i wysy\u0142aj\u0105c zapytania poprzez formularz kontaktowy lub e-mail o\u015bwiadczasz, \u017ce znasz i akceptujesz poni\u017csze warunki...\" \/>\n<meta property=\"og:url\" content=\"https:\/\/aero-gse.com\/privacy-policy\/\" \/>\n<meta property=\"og:site_name\" content=\"AERO GSE\" \/>\n<meta property=\"article:modified_time\" content=\"2020-08-05T07:38:40+00:00\" \/>\n<meta name=\"twitter:card\" content=\"summary_large_image\" \/>\n<meta name=\"twitter:label1\" content=\"Szacowany czas czytania\" \/>\n\t<meta name=\"twitter:data1\" content=\"3 minuty\" \/>\n<script type=\"application\/ld+json\" class=\"yoast-schema-graph\">{\"@context\":\"https:\/\/schema.org\",\"@graph\":[{\"@type\":\"WebPage\",\"@id\":\"https:\/\/aero-gse.com\/privacy-policy\/\",\"url\":\"https:\/\/aero-gse.com\/privacy-policy\/\",\"name\":\"Polityka prywatno\u015bci - AERO GSE\",\"isPartOf\":{\"@id\":\"https:\/\/aero-gse.com\/#website\"},\"datePublished\":\"2020-08-05T07:17:41+00:00\",\"dateModified\":\"2020-08-05T07:38:40+00:00\",\"breadcrumb\":{\"@id\":\"https:\/\/aero-gse.com\/privacy-policy\/#breadcrumb\"},\"inLanguage\":\"pl-PL\",\"potentialAction\":[{\"@type\":\"ReadAction\",\"target\":[\"https:\/\/aero-gse.com\/privacy-policy\/\"]}]},{\"@type\":\"BreadcrumbList\",\"@id\":\"https:\/\/aero-gse.com\/privacy-policy\/#breadcrumb\",\"itemListElement\":[{\"@type\":\"ListItem\",\"position\":1,\"name\":\"Strona g\u0142\u00f3wna\",\"item\":\"https:\/\/aero-gse.com\/pl\/\"},{\"@type\":\"ListItem\",\"position\":2,\"name\":\"Polityka prywatno\u015bci\"}]},{\"@type\":\"WebSite\",\"@id\":\"https:\/\/aero-gse.com\/#website\",\"url\":\"https:\/\/aero-gse.com\/\",\"name\":\"AERO GSE\",\"description\":\"\",\"potentialAction\":[{\"@type\":\"SearchAction\",\"target\":{\"@type\":\"EntryPoint\",\"urlTemplate\":\"https:\/\/aero-gse.com\/?s={search_term_string}\"},\"query-input\":{\"@type\":\"PropertyValueSpecification\",\"valueRequired\":true,\"valueName\":\"search_term_string\"}}],\"inLanguage\":\"pl-PL\"}]}<\/script>\n<!-- \/ Yoast SEO plugin. -->","yoast_head_json":{"title":"Polityka prywatno\u015bci - AERO GSE","robots":{"index":"index","follow":"follow","max-snippet":"max-snippet:-1","max-image-preview":"max-image-preview:large","max-video-preview":"max-video-preview:-1"},"canonical":"https:\/\/aero-gse.com\/privacy-policy\/","og_locale":"pl_PL","og_type":"article","og_title":"Polityka prywatno\u015bci - AERO GSE","og_description":"Warunki Og\u00f3lne I Polityka Prywatno\u015bci Korzystaj\u0105c z niniejszej strony internetowej i wysy\u0142aj\u0105c zapytania poprzez formularz kontaktowy lub e-mail o\u015bwiadczasz, \u017ce znasz i akceptujesz poni\u017csze warunki...","og_url":"https:\/\/aero-gse.com\/privacy-policy\/","og_site_name":"AERO GSE","article_modified_time":"2020-08-05T07:38:40+00:00","twitter_card":"summary_large_image","twitter_misc":{"Szacowany czas czytania":"3 minuty"},"schema":{"@context":"https:\/\/schema.org","@graph":[{"@type":"WebPage","@id":"https:\/\/aero-gse.com\/privacy-policy\/","url":"https:\/\/aero-gse.com\/privacy-policy\/","name":"Polityka prywatno\u015bci - AERO GSE","isPartOf":{"@id":"https:\/\/aero-gse.com\/#website"},"datePublished":"2020-08-05T07:17:41+00:00","dateModified":"2020-08-05T07:38:40+00:00","breadcrumb":{"@id":"https:\/\/aero-gse.com\/privacy-policy\/#breadcrumb"},"inLanguage":"pl-PL","potentialAction":[{"@type":"ReadAction","target":["https:\/\/aero-gse.com\/privacy-policy\/"]}]},{"@type":"BreadcrumbList","@id":"https:\/\/aero-gse.com\/privacy-policy\/#breadcrumb","itemListElement":[{"@type":"ListItem","position":1,"name":"Strona g\u0142\u00f3wna","item":"https:\/\/aero-gse.com\/pl\/"},{"@type":"ListItem","position":2,"name":"Polityka prywatno\u015bci"}]},{"@type":"WebSite","@id":"https:\/\/aero-gse.com\/#website","url":"https:\/\/aero-gse.com\/","name":"AERO GSE","description":"","potentialAction":[{"@type":"SearchAction","target":{"@type":"EntryPoint","urlTemplate":"https:\/\/aero-gse.com\/?s={search_term_string}"},"query-input":{"@type":"PropertyValueSpecification","valueRequired":true,"valueName":"search_term_string"}}],"inLanguage":"pl-PL"}]}},"_links":{"self":[{"href":"https:\/\/aero-gse.com\/pl\/wp-json\/wp\/v2\/pages\/4012","targetHints":{"allow":["GET"]}}],"collection":[{"href":"https:\/\/aero-gse.com\/pl\/wp-json\/wp\/v2\/pages"}],"about":[{"href":"https:\/\/aero-gse.com\/pl\/wp-json\/wp\/v2\/types\/page"}],"author":[{"embeddable":true,"href":"https:\/\/aero-gse.com\/pl\/wp-json\/wp\/v2\/users\/1"}],"replies":[{"embeddable":true,"href":"https:\/\/aero-gse.com\/pl\/wp-json\/wp\/v2\/comments?post=4012"}],"version-history":[{"count":1,"href":"https:\/\/aero-gse.com\/pl\/wp-json\/wp\/v2\/pages\/4012\/revisions"}],"predecessor-version":[{"id":4013,"href":"https:\/\/aero-gse.com\/pl\/wp-json\/wp\/v2\/pages\/4012\/revisions\/4013"}],"wp:attachment":[{"href":"https:\/\/aero-gse.com\/pl\/wp-json\/wp\/v2\/media?parent=4012"}],"curies":[{"name":"wp","href":"https:\/\/api.w.org\/{rel}","templated":true}]}}