{"id":3946,"date":"2019-03-09T14:39:20","date_gmt":"2019-03-09T13:39:20","guid":{"rendered":"http:\/\/aero-gse.com\/service-maintenance\/"},"modified":"2020-11-06T10:31:45","modified_gmt":"2020-11-06T09:31:45","slug":"service-maintenance","status":"publish","type":"page","link":"https:\/\/aero-gse.com\/pl\/service-maintenance\/","title":{"rendered":"Serwis i obs\u0142uga techniczna"},"content":{"rendered":"[vc_row type=&#8221;full_width_background&#8221; full_screen_row_position=&#8221;middle&#8221; equal_height=&#8221;yes&#8221; content_placement=&#8221;top&#8221; scene_position=&#8221;center&#8221; text_color=&#8221;dark&#8221; text_align=&#8221;left&#8221; top_padding=&#8221;5%&#8221; bottom_padding=&#8221;5%&#8221; id=&#8221;creative-services&#8221; overlay_strength=&#8221;0.3&#8243; shape_divider_position=&#8221;bottom&#8221; shape_type=&#8221;&#8221;][vc_column column_padding=&#8221;padding-2-percent&#8221; column_padding_position=&#8221;right&#8221; background_color_opacity=&#8221;1&#8243; background_hover_color_opacity=&#8221;1&#8243; column_link_target=&#8221;_self&#8221; column_shadow=&#8221;none&#8221; column_border_radius=&#8221;none&#8221; width=&#8221;1\/2&#8243; tablet_width_inherit=&#8221;default&#8221; tablet_text_alignment=&#8221;default&#8221; phone_text_alignment=&#8221;default&#8221; column_border_width=&#8221;none&#8221; column_border_style=&#8221;solid&#8221;][vc_column_text]\n<h3>Serwis i obs\u0142uga techniczna<\/h3>\n[\/vc_column_text][vc_column_text css=&#8221;.vc_custom_1552139075966{padding-right: 10% !important;}&#8221;]<span style=\"font-weight: 400;\">Nasza firma \u015bwiadczy us\u0142ugi w zakresie wyposa\u017cenia lotniska. Jeste\u015bmy tak\u017ce autoryzowanym partnerem najwi\u0119kszych producent\u00f3w sprz\u0119tu lotniczego. Nasza kadra regularnie przechodzi szkolenia bezpo\u015brednio u producenta.<\/span>[\/vc_column_text][vc_column_text]\n<h3>NASI G\u0141\u00d3WNI PARTNERZY TO:<\/h3>\n[\/vc_column_text][nectar_icon_list color=&#8221;default&#8221; direction=&#8221;vertical&#8221; icon_size=&#8221;small&#8221; icon_style=&#8221;border&#8221;][nectar_icon_list_item icon_type=&#8221;numerical&#8221; title=&#8221;List Item&#8221; id=&#8221;1552139230-2-69&#8243; tab_id=&#8221;1552139264679-0&#8243; header=&#8221; TREPEL AIRPORT EQUIPMENT GMBH (NIEMCY)&#8221; text=&#8221;CI\u0104GNIKI LOTNISKOWE, URZ\u0104DZENIA SAMOJEZDNE DO TRANSPORTACJI KONTENER\u00d3W I PALET&#8221;] [\/nectar_icon_list_item][nectar_icon_list_item icon_type=&#8221;numerical&#8221; title=&#8221;List Item&#8221; id=&#8221;1552139230-1-45&#8243; tab_id=&#8221;1552139264646-5&#8243; src=&#8221;&#8222;http:\/\/kamilperzowski.pl\/aero-gse\/wp-content\/uploads\/2019\/03\/france.png&#8222;\/&#8221; header=&#8221;GUINAULT SA (FRANCJA)&#8221; text=&#8221;JEDNOSTKI PR\u0104DOTW\u00d3RCZE NAZIEMNE (GPU), PRZETWORNICE NAPI\u0118CIA PRZEMIENNEGO (KONWERTERY), JEDNOSTKI ROZRUCHOWE (ASU), JEDNOSTKI KLIMATYZACYJNE (ACU)&#8221;] [\/nectar_icon_list_item][nectar_icon_list_item icon_type=&#8221;numerical&#8221; title=&#8221;List Item&#8221; id=&#8221;1552139315698-0-2&#8243; tab_id=&#8221;1552139315700-3&#8243; header=&#8221;CHARLATTE MANUTENTION (FRANCJA)&#8221; text=&#8221;DISLOWE, ELEKTRYCZNE, GAZOWE CI\u0104GNIKI, ELEKTRYCZNE URZ\u0104DZENIA DO TRANSPORTACJI BAGA\u017bU&#8221;][\/nectar_icon_list_item][nectar_icon_list_item icon_type=&#8221;numerical&#8221; title=&#8221;List Item&#8221; id=&#8221;1552139385634-0-7&#8243; tab_id=&#8221;1552139385636-4&#8243; header=&#8221;GLOBAL (U.S.A.)&#8221; text=&#8221;ODLADZARKI SAMOLOTOWE&#8221;][\/nectar_icon_list_item][nectar_icon_list_item icon_type=&#8221;numerical&#8221; title=&#8221;List Item&#8221; id=&#8221;1552139458354-0-6&#8243; tab_id=&#8221;1552139458356-10&#8243; header=&#8221;DOLL FAHRZEUGBAU GMBH (NIEMCY)&#8221; text=&#8221;POJAZDY PODNO\u015aNIKOWE DO SPRZ\u0104TANIA, OBS\u0141UGI ZYWNO\u015aCIOWEJ, OBS\u0141UGI MEDYCZNEJ&#8221;][\/nectar_icon_list_item][nectar_icon_list_item icon_type=&#8221;numerical&#8221; title=&#8221;List Item&#8221; id=&#8221;1552139482649-0-9&#8243; tab_id=&#8221;1552139482651-1&#8243; header=&#8221;TET-ESTEL (ESTONIA)&#8221; text=&#8221;JEDNOSTKI PR\u0104DOTW\u00d3RCZE NAZIEMNE (GPU), PRZETWORNICE NAPI\u0118CIA PRZEMIENNEGO (KONWERTERY)&#8221;][\/nectar_icon_list_item][nectar_icon_list_item icon_type=&#8221;numerical&#8221; title=&#8221;List Item&#8221; id=&#8221;1552139496593-0-2&#8243; tab_id=&#8221;1552139496594-6&#8243; header=&#8221; JMS AG (NIEMCY)&#8221; text=&#8221;DYSZLE HOLOWNICZE DO SAMOLOT\u00d3W, URZ\u0104DZENIA DO NAPE\u0141NIANIA AZOTEM I TLENEM.&#8221;][\/nectar_icon_list_item][nectar_icon_list_item icon_type=&#8221;numerical&#8221; title=&#8221;List Item&#8221; id=&#8221;1552139512745-0-4&#8243; tab_id=&#8221;1552139512747-7&#8243; header=&#8221;SRK SYSTEMS GMBH (Niemcy)&#8221; text=&#8221;SYSTEMY OBS\u0141UGI BAGA\u017bU NA LOTNISKACH.&#8221;][\/nectar_icon_list_item][nectar_icon_list_item icon_type=&#8221;numerical&#8221; title=&#8221;List Item&#8221; id=&#8221;1552139525545-0-9&#8243; tab_id=&#8221;1552139525546-8&#8243; header=&#8221;NORDIC HEATER (Szwecja)&#8221; text=&#8221;OGRZEWACZE KABIN SAMOLOTOWYCH&#8221;][\/nectar_icon_list_item][\/nectar_icon_list][nectar_icon_list color=&#8221;default&#8221; direction=&#8221;vertical&#8221; icon_size=&#8221;small&#8221; icon_style=&#8221;border&#8221;][nectar_icon_list_item icon_type=&#8221;numerical&#8221; title=&#8221;List Item&#8221; id=&#8221;1575452539731-0-9&#8243; tab_id=&#8221;1552139264679-0&#8243; header=&#8221; TREPEL AIRPORT EQUIPMENT GMBH (NIEMCY)&#8221; text=&#8221;CI\u0104GNIKI LOTNISKOWE, URZ\u0104DZENIA SAMOJEZDNE DO TRANSPORTACJI KONTENER\u00d3W I PALET&#8221;] [\/nectar_icon_list_item][nectar_icon_list_item icon_type=&#8221;numerical&#8221; title=&#8221;List Item&#8221; id=&#8221;1575452539752-0-3&#8243; tab_id=&#8221;1552139264646-5&#8243; src=&#8221;&#8222;http:\/\/kamilperzowski.pl\/aero-gse\/wp-content\/uploads\/2019\/03\/france.png&#8222;\/&#8221; header=&#8221;GUINAULT SA (FRANCJA)&#8221; text=&#8221;JEDNOSTKI PR\u0104DOTW\u00d3RCZE NAZIEMNE (GPU), PRZETWORNICE NAPI\u0118CIA PRZEMIENNEGO (KONWERTERY), JEDNOSTKI ROZRUCHOWE (ASU), JEDNOSTKI KLIMATYZACYJNE (ACU)&#8221;] [\/nectar_icon_list_item][nectar_icon_list_item icon_type=&#8221;numerical&#8221; title=&#8221;List Item&#8221; id=&#8221;1575452539772-0-8&#8243; tab_id=&#8221;1552139315700-3&#8243; header=&#8221;CHARLATTE MANUTENTION (FRANCJA)&#8221; text=&#8221;DISLOWE, ELEKTRYCZNE, GAZOWE CI\u0104GNIKI, ELEKTRYCZNE URZ\u0104DZENIA DO TRANSPORTACJI BAGA\u017bU&#8221;][\/nectar_icon_list_item][nectar_icon_list_item icon_type=&#8221;numerical&#8221; title=&#8221;List Item&#8221; id=&#8221;1575452539791-0-2&#8243; tab_id=&#8221;1552139385636-4&#8243; header=&#8221;GLOBAL (U.S.A.)&#8221; text=&#8221;ODLADZARKI SAMOLOTOWE&#8221;][\/nectar_icon_list_item][nectar_icon_list_item icon_type=&#8221;numerical&#8221; title=&#8221;List Item&#8221; id=&#8221;1575452539810-0-6&#8243; tab_id=&#8221;1552139458356-10&#8243; header=&#8221;DOLL FAHRZEUGBAU GMBH (NIEMCY)&#8221; text=&#8221;POJAZDY PODNO\u015aNIKOWE DO SPRZ\u0104TANIA, OBS\u0141UGI ZYWNO\u015aCIOWEJ, OBS\u0141UGI MEDYCZNEJ&#8221;][\/nectar_icon_list_item][nectar_icon_list_item icon_type=&#8221;numerical&#8221; title=&#8221;List Item&#8221; id=&#8221;1575452539850-0-0&#8243; tab_id=&#8221;1552139470972-3&#8243; header=&#8221;ADELTE (HISZPANIA)&#8221; text=&#8221;POMOSTY PASA\u017bERSKIE&#8221;][\/nectar_icon_list_item][nectar_icon_list_item icon_type=&#8221;numerical&#8221; title=&#8221;List Item&#8221; id=&#8221;1575452539892-0-4&#8243; tab_id=&#8221;1552139482651-1&#8243; header=&#8221;TET-ESTEL (ESTONIA)&#8221; text=&#8221;JEDNOSTKI PR\u0104DOTW\u00d3RCZE NAZIEMNE (GPU), PRZETWORNICE NAPI\u0118CIA PRZEMIENNEGO (KONWERTERY)&#8221;][\/nectar_icon_list_item][nectar_icon_list_item icon_type=&#8221;numerical&#8221; title=&#8221;List Item&#8221; id=&#8221;1575452539912-0-7&#8243; tab_id=&#8221;1552139496594-6&#8243; header=&#8221; JMS AG (NIEMCY)&#8221; text=&#8221;DYSZLE HOLOWNICZE DO SAMOLOT\u00d3W, URZ\u0104DZENIA DO NAPE\u0141NIANIA AZOTEM I TLENEM.&#8221;][\/nectar_icon_list_item][nectar_icon_list_item icon_type=&#8221;numerical&#8221; title=&#8221;List Item&#8221; id=&#8221;1575452539936-0-9&#8243; tab_id=&#8221;1552139512747-7&#8243; header=&#8221;SRK SYSTEMS GMBH (Niemcy)&#8221; text=&#8221;SYSTEMY OBS\u0141UGI BAGA\u017bU NA LOTNISKACH.&#8221;][\/nectar_icon_list_item][nectar_icon_list_item icon_type=&#8221;numerical&#8221; title=&#8221;List Item&#8221; id=&#8221;1575452539967-0-4&#8243; tab_id=&#8221;1552139525546-8&#8243; header=&#8221;NORDIC HEATER (Szwecja)&#8221; text=&#8221;OGRZEWACZE KABIN SAMOLOTOWYCH&#8221;][\/nectar_icon_list_item][\/nectar_icon_list][\/vc_column][vc_column column_padding=&#8221;no-extra-padding&#8221; column_padding_position=&#8221;all&#8221; background_color_opacity=&#8221;1&#8243; background_hover_color_opacity=&#8221;1&#8243; column_link_target=&#8221;_self&#8221; column_shadow=&#8221;none&#8221; column_border_radius=&#8221;none&#8221; width=&#8221;1\/2&#8243; tablet_width_inherit=&#8221;default&#8221; tablet_text_alignment=&#8221;default&#8221; phone_text_alignment=&#8221;default&#8221; column_border_width=&#8221;none&#8221; column_border_style=&#8221;solid&#8221;][vc_column_text css_animation=&#8221;fadeInLeftBig&#8221; css=&#8221;.vc_custom_1552140104505{padding-right: 10% !important;}&#8221;]<strong>Od wielu lat pomy\u015blnie dostarczamy sprz\u0119t lotniczy oraz \u015bwiadczymy us\u0142ugi techniczne. W oparciu o nasze do\u015bwiadczenie oferujemy szeroki wachlarz mo\u017cliwych prac:<\/strong>[\/vc_column_text][vc_column_text css=&#8221;.vc_custom_1552139910274{padding-right: 10% !important;}&#8221;]<strong>1) <\/strong>Okresow\u0105 obs\u0142ug\u0119 techniczn\u0105 GSE, a konkretnie:<br \/>\nSilnik\u00f3w z zap\u0142onem wewn\u0119trznym<br \/>\nJednostek pr\u0105dotw\u00f3rczych naziemnych (GPU)<br \/>\nJednostek rozruchowych (ASU)<br \/>\nOgrzewaczy kabin samolotowych (AHU)<br \/>\nCi\u0105gnik\u00f3w samolotowych<br \/>\nJednostek klimatyzacyjnych (ACU)<br \/>\nPojazd\u00f3w asenizacyjnych (LSU)<br \/>\nPojazd\u00f3w zaopatruj\u0105cych wod\u0119 pitn\u0105 (WSU)<br \/>\nJednostek odladzaj\u0105cych<br \/>\nUrz\u0105dze\u0144 do transportu kontejner\u00f3w i palet<br \/>\nSchod\u00f3w pasa\u017cerskich<br \/>\nPasa\u017cerskich most\u00f3w lotniczych (PBB)<\/p>\n<p><strong>2)<\/strong> Przegl\u0105d jednostek pr\u0105dotw\u00f3rczych naziemnych (GPU) za pomoc\u0105 load-bank\u00f3w 115V AC 400hz i 28V DC. Wydrukowany raport za\u0142\u0105cza si\u0119.<br \/>\n<strong>3)<\/strong> Napraw\u0119 z wymian\u0105 oryginalnych cz\u0119\u015bci zamiennych<br \/>\n<strong>4)<\/strong> Modernizacje sprz\u0119tu zgodnie z \u017cyczeniami klienta<br \/>\n<strong>5)<\/strong> Szkolenia operacyjne w zakresie nowego sprz\u0119tu i od\u015bwie\u017cania wiedzy<br \/>\n<strong>6)<\/strong> Wsparcie techniczne 24\/7.<br \/>\n<strong>7)<\/strong> Cz\u0119\u015bci zamienne i komponenty GSE.<br \/>\n<strong>8)<\/strong> Dostarczenie dokumentacji technicznej na \u017cyczenie.<br \/>\n<strong>9)<\/strong> Dost\u0119pno\u015b\u0107 cz\u0119\u015bci zamiennych i komponent\u00f3w do wyposa\u017cenia specjalnego w magazynie i na zam\u00f3wienie.[\/vc_column_text][vc_column_text css=&#8221;.vc_custom_1552139866290{padding-right: 10% !important;}&#8221;]Nasi in\u017cynierowie z dzia\u0142u serwisowego posiadaj\u0105 certyfikaty od r\u00f3\u017cnych producent\u00f3w GSE i maj\u0105 du\u017ce do\u015bwiadczenie zawodowe.<\/p>\n<p>Regularne szkolenia prowadzone s\u0105 na fabryce producent\u00f3w w celu doskonalenia ich umiej\u0119tno\u015bci i wiedzy. Aby by\u0107 mobilnymi i wykonywa\u0107 prace na bie\u017c\u0105co korzystamy si\u0119 z samochodu serwisowego ze wszystkimi niezb\u0119dnymi narz\u0119dziami na pok\u0142adzie.<\/p>\n<p>Przyst\u0105pimy do naprawy i obs\u0142ugi sprz\u0119tu, zgodnie z Pa\u0144stwa zg\u0142oszeniem. Je\u015bli nie ma takiej mo\u017cliwo\u015bci, przeanalizujemy problem i udzielimy porady technicznej.<\/p>\n<p>Aby skontaktowa\u0107 si\u0119 ze specjalistami z naszego dzia\u0142u serwisowego w przypadku pyta\u0144 dotycz\u0105cych szkole\u0144 operacyjnych, wy\u015blij zapytanie przez stron\u0119 internetow\u0105 lub skontaktuj si\u0119 bezpo\u015brednio przez e-mail: service@aero-gse.com.[\/vc_column_text][\/vc_column][\/vc_row]\n","protected":false},"excerpt":{"rendered":"<p>[vc_row type=&#8221;full_width_background&#8221; full_screen_row_position=&#8221;middle&#8221; equal_height=&#8221;yes&#8221; content_placement=&#8221;top&#8221; scene_position=&#8221;center&#8221; text_color=&#8221;dark&#8221; text_align=&#8221;left&#8221; top_padding=&#8221;5%&#8221; bottom_padding=&#8221;5%&#8221; id=&#8221;creative-services&#8221; overlay_strength=&#8221;0.3&#8243; shape_divider_position=&#8221;bottom&#8221; shape_type=&#8221;&#8221;][vc_column column_padding=&#8221;padding-2-percent&#8221; column_padding_position=&#8221;right&#8221; background_color_opacity=&#8221;1&#8243; background_hover_color_opacity=&#8221;1&#8243; column_link_target=&#8221;_self&#8221; column_shadow=&#8221;none&#8221; column_border_radius=&#8221;none&#8221; width=&#8221;1\/2&#8243; tablet_width_inherit=&#8221;default&#8221; tablet_text_alignment=&#8221;default&#8221; phone_text_alignment=&#8221;default&#8221;&#8230;<\/p>\n","protected":false},"author":1,"featured_media":0,"parent":0,"menu_order":0,"comment_status":"closed","ping_status":"closed","template":"","meta":{"footnotes":""},"class_list":["post-3946","page","type-page","status-publish"],"yoast_head":"<!-- This site is optimized with the Yoast SEO plugin v24.6 - https:\/\/yoast.com\/wordpress\/plugins\/seo\/ -->\n<title>Serwis i obs\u0142uga techniczna - AERO GSE<\/title>\n<meta name=\"robots\" content=\"index, follow, max-snippet:-1, max-image-preview:large, max-video-preview:-1\" \/>\n<link rel=\"canonical\" href=\"https:\/\/aero-gse.com\/pl\/service-maintenance\/\" \/>\n<meta property=\"og:locale\" content=\"pl_PL\" \/>\n<meta property=\"og:type\" content=\"article\" \/>\n<meta property=\"og:title\" content=\"Serwis i obs\u0142uga techniczna - AERO GSE\" \/>\n<meta property=\"og:description\" content=\"[vc_row type=&#8221;full_width_background&#8221; full_screen_row_position=&#8221;middle&#8221; equal_height=&#8221;yes&#8221; content_placement=&#8221;top&#8221; scene_position=&#8221;center&#8221; text_color=&#8221;dark&#8221; text_align=&#8221;left&#8221; top_padding=&#8221;5%&#8221; bottom_padding=&#8221;5%&#8221; id=&#8221;creative-services&#8221; overlay_strength=&#8221;0.3&#8243; shape_divider_position=&#8221;bottom&#8221; shape_type=&#8221;&#8221;][vc_column column_padding=&#8221;padding-2-percent&#8221; column_padding_position=&#8221;right&#8221; background_color_opacity=&#8221;1&#8243; background_hover_color_opacity=&#8221;1&#8243; column_link_target=&#8221;_self&#8221; column_shadow=&#8221;none&#8221; column_border_radius=&#8221;none&#8221; width=&#8221;1\/2&#8243; tablet_width_inherit=&#8221;default&#8221; tablet_text_alignment=&#8221;default&#8221; phone_text_alignment=&#8221;default&#8221;...\" \/>\n<meta property=\"og:url\" content=\"https:\/\/aero-gse.com\/pl\/service-maintenance\/\" \/>\n<meta property=\"og:site_name\" content=\"AERO GSE\" \/>\n<meta property=\"article:modified_time\" content=\"2020-11-06T09:31:45+00:00\" \/>\n<meta name=\"twitter:card\" content=\"summary_large_image\" \/>\n<meta name=\"twitter:label1\" content=\"Szacowany czas czytania\" \/>\n\t<meta name=\"twitter:data1\" content=\"6 minut\" \/>\n<script type=\"application\/ld+json\" class=\"yoast-schema-graph\">{\"@context\":\"https:\/\/schema.org\",\"@graph\":[{\"@type\":\"WebPage\",\"@id\":\"https:\/\/aero-gse.com\/pl\/service-maintenance\/\",\"url\":\"https:\/\/aero-gse.com\/pl\/service-maintenance\/\",\"name\":\"Serwis i obs\u0142uga techniczna - AERO GSE\",\"isPartOf\":{\"@id\":\"https:\/\/aero-gse.com\/#website\"},\"datePublished\":\"2019-03-09T13:39:20+00:00\",\"dateModified\":\"2020-11-06T09:31:45+00:00\",\"breadcrumb\":{\"@id\":\"https:\/\/aero-gse.com\/pl\/service-maintenance\/#breadcrumb\"},\"inLanguage\":\"pl-PL\",\"potentialAction\":[{\"@type\":\"ReadAction\",\"target\":[\"https:\/\/aero-gse.com\/pl\/service-maintenance\/\"]}]},{\"@type\":\"BreadcrumbList\",\"@id\":\"https:\/\/aero-gse.com\/pl\/service-maintenance\/#breadcrumb\",\"itemListElement\":[{\"@type\":\"ListItem\",\"position\":1,\"name\":\"Strona g\u0142\u00f3wna\",\"item\":\"https:\/\/aero-gse.com\/pl\/\"},{\"@type\":\"ListItem\",\"position\":2,\"name\":\"Serwis i obs\u0142uga techniczna\"}]},{\"@type\":\"WebSite\",\"@id\":\"https:\/\/aero-gse.com\/#website\",\"url\":\"https:\/\/aero-gse.com\/\",\"name\":\"AERO GSE\",\"description\":\"\",\"potentialAction\":[{\"@type\":\"SearchAction\",\"target\":{\"@type\":\"EntryPoint\",\"urlTemplate\":\"https:\/\/aero-gse.com\/?s={search_term_string}\"},\"query-input\":{\"@type\":\"PropertyValueSpecification\",\"valueRequired\":true,\"valueName\":\"search_term_string\"}}],\"inLanguage\":\"pl-PL\"}]}<\/script>\n<!-- \/ Yoast SEO plugin. -->","yoast_head_json":{"title":"Serwis i obs\u0142uga techniczna - AERO GSE","robots":{"index":"index","follow":"follow","max-snippet":"max-snippet:-1","max-image-preview":"max-image-preview:large","max-video-preview":"max-video-preview:-1"},"canonical":"https:\/\/aero-gse.com\/pl\/service-maintenance\/","og_locale":"pl_PL","og_type":"article","og_title":"Serwis i obs\u0142uga techniczna - AERO GSE","og_description":"[vc_row type=&#8221;full_width_background&#8221; full_screen_row_position=&#8221;middle&#8221; equal_height=&#8221;yes&#8221; content_placement=&#8221;top&#8221; scene_position=&#8221;center&#8221; text_color=&#8221;dark&#8221; text_align=&#8221;left&#8221; top_padding=&#8221;5%&#8221; bottom_padding=&#8221;5%&#8221; id=&#8221;creative-services&#8221; overlay_strength=&#8221;0.3&#8243; shape_divider_position=&#8221;bottom&#8221; shape_type=&#8221;&#8221;][vc_column column_padding=&#8221;padding-2-percent&#8221; column_padding_position=&#8221;right&#8221; background_color_opacity=&#8221;1&#8243; background_hover_color_opacity=&#8221;1&#8243; column_link_target=&#8221;_self&#8221; column_shadow=&#8221;none&#8221; column_border_radius=&#8221;none&#8221; width=&#8221;1\/2&#8243; tablet_width_inherit=&#8221;default&#8221; tablet_text_alignment=&#8221;default&#8221; phone_text_alignment=&#8221;default&#8221;...","og_url":"https:\/\/aero-gse.com\/pl\/service-maintenance\/","og_site_name":"AERO GSE","article_modified_time":"2020-11-06T09:31:45+00:00","twitter_card":"summary_large_image","twitter_misc":{"Szacowany czas czytania":"6 minut"},"schema":{"@context":"https:\/\/schema.org","@graph":[{"@type":"WebPage","@id":"https:\/\/aero-gse.com\/pl\/service-maintenance\/","url":"https:\/\/aero-gse.com\/pl\/service-maintenance\/","name":"Serwis i obs\u0142uga techniczna - AERO GSE","isPartOf":{"@id":"https:\/\/aero-gse.com\/#website"},"datePublished":"2019-03-09T13:39:20+00:00","dateModified":"2020-11-06T09:31:45+00:00","breadcrumb":{"@id":"https:\/\/aero-gse.com\/pl\/service-maintenance\/#breadcrumb"},"inLanguage":"pl-PL","potentialAction":[{"@type":"ReadAction","target":["https:\/\/aero-gse.com\/pl\/service-maintenance\/"]}]},{"@type":"BreadcrumbList","@id":"https:\/\/aero-gse.com\/pl\/service-maintenance\/#breadcrumb","itemListElement":[{"@type":"ListItem","position":1,"name":"Strona g\u0142\u00f3wna","item":"https:\/\/aero-gse.com\/pl\/"},{"@type":"ListItem","position":2,"name":"Serwis i obs\u0142uga techniczna"}]},{"@type":"WebSite","@id":"https:\/\/aero-gse.com\/#website","url":"https:\/\/aero-gse.com\/","name":"AERO GSE","description":"","potentialAction":[{"@type":"SearchAction","target":{"@type":"EntryPoint","urlTemplate":"https:\/\/aero-gse.com\/?s={search_term_string}"},"query-input":{"@type":"PropertyValueSpecification","valueRequired":true,"valueName":"search_term_string"}}],"inLanguage":"pl-PL"}]}},"_links":{"self":[{"href":"https:\/\/aero-gse.com\/pl\/wp-json\/wp\/v2\/pages\/3946","targetHints":{"allow":["GET"]}}],"collection":[{"href":"https:\/\/aero-gse.com\/pl\/wp-json\/wp\/v2\/pages"}],"about":[{"href":"https:\/\/aero-gse.com\/pl\/wp-json\/wp\/v2\/types\/page"}],"author":[{"embeddable":true,"href":"https:\/\/aero-gse.com\/pl\/wp-json\/wp\/v2\/users\/1"}],"replies":[{"embeddable":true,"href":"https:\/\/aero-gse.com\/pl\/wp-json\/wp\/v2\/comments?post=3946"}],"version-history":[{"count":4,"href":"https:\/\/aero-gse.com\/pl\/wp-json\/wp\/v2\/pages\/3946\/revisions"}],"predecessor-version":[{"id":4290,"href":"https:\/\/aero-gse.com\/pl\/wp-json\/wp\/v2\/pages\/3946\/revisions\/4290"}],"wp:attachment":[{"href":"https:\/\/aero-gse.com\/pl\/wp-json\/wp\/v2\/media?parent=3946"}],"curies":[{"name":"wp","href":"https:\/\/api.w.org\/{rel}","templated":true}]}}