{"id":3944,"date":"2019-03-09T15:09:56","date_gmt":"2019-03-09T14:09:56","guid":{"rendered":"http:\/\/aero-gse.com\/operating-trainings\/"},"modified":"2020-11-06T11:11:07","modified_gmt":"2020-11-06T10:11:07","slug":"operating-trainings","status":"publish","type":"page","link":"https:\/\/aero-gse.com\/pl\/operating-trainings\/","title":{"rendered":"Szkolenia operacyjne"},"content":{"rendered":"[vc_row type=&#8221;full_width_background&#8221; full_screen_row_position=&#8221;middle&#8221; equal_height=&#8221;yes&#8221; content_placement=&#8221;top&#8221; scene_position=&#8221;center&#8221; text_color=&#8221;dark&#8221; text_align=&#8221;left&#8221; top_padding=&#8221;5%&#8221; bottom_padding=&#8221;5%&#8221; id=&#8221;creative-services&#8221; overlay_strength=&#8221;0.3&#8243; shape_divider_position=&#8221;bottom&#8221; shape_type=&#8221;&#8221;][vc_column column_padding=&#8221;padding-2-percent&#8221; column_padding_position=&#8221;right&#8221; background_color_opacity=&#8221;1&#8243; background_hover_color_opacity=&#8221;1&#8243; column_link_target=&#8221;_self&#8221; column_shadow=&#8221;none&#8221; column_border_radius=&#8221;none&#8221; width=&#8221;1\/2&#8243; tablet_width_inherit=&#8221;default&#8221; tablet_text_alignment=&#8221;default&#8221; phone_text_alignment=&#8221;default&#8221; column_border_width=&#8221;none&#8221; column_border_style=&#8221;solid&#8221;][vc_column_text]\n<h3>Szkolenia operacyjne<\/h3>\n[\/vc_column_text][vc_column_text css=&#8221;.vc_custom_1552140629991{padding-right: 10% !important;}&#8221;]<span style=\"font-weight: 400;\">Aby zapewni\u0107 prawid\u0142owe dzia\u0142anie sprz\u0119tu, zespo\u0142y u\u017cytkuj\u0105ce i naprawcze musz\u0105 by\u0107 odpowiednio przeszkolone.<\/span><\/p>\n<p><span style=\"font-weight: 400;\">Plan treningowy musi zawiera\u0107:<\/span><\/p>\n<ul>\n<li><span style=\"font-weight: 400;\"> podstawowa opieka;<\/span><\/li>\n<li><span style=\"font-weight: 400;\"> konserwacji sprz\u0119tu;<\/span><\/li>\n<li><span style=\"font-weight: 400;\"> podj\u0119cie naprawy;<\/span><\/li>\n<li><span style=\"font-weight: 400;\"> inne pilne i z\u0142o\u017cone zadania naprawcze;<\/span><\/li>\n<\/ul>\n<p><span style=\"font-weight: 400;\">Ka\u017cd\u0105 dostaw\u0119 sprz\u0119tu ko\u0144czymy szkoleniem dla pracownik\u00f3w i potwierdzamy to, wydaj\u0105c wszystkim uczestnikom specjalne certyfikaty.<\/span>[\/vc_column_text][\/vc_column][vc_column column_padding=&#8221;no-extra-padding&#8221; column_padding_position=&#8221;all&#8221; background_color_opacity=&#8221;1&#8243; background_hover_color_opacity=&#8221;1&#8243; column_link_target=&#8221;_self&#8221; column_shadow=&#8221;none&#8221; column_border_radius=&#8221;none&#8221; width=&#8221;1\/2&#8243; tablet_width_inherit=&#8221;default&#8221; tablet_text_alignment=&#8221;default&#8221; phone_text_alignment=&#8221;default&#8221; column_border_width=&#8221;none&#8221; column_border_style=&#8221;solid&#8221;][vc_column_text css_animation=&#8221;fadeInLeftBig&#8221; css=&#8221;.vc_custom_1552140653223{padding-right: 10% !important;}&#8221;]<span style=\"font-weight: 400;\">Trening nie jest czynno\u015bci\u0105, kt\u00f3r\u0105 wykonujemy tylko raz. Zapotrzebowanie mo\u017ce si\u0119 pojawi\u0107 na r\u00f3\u017cnych etapach ca\u0142ej kariery pracownik\u00f3w:<\/span>[\/vc_column_text][nectar_icon_list color=&#8221;default&#8221; direction=&#8221;vertical&#8221; icon_size=&#8221;small&#8221; icon_style=&#8221;border&#8221;][nectar_icon_list_item icon_type=&#8221;numerical&#8221; title=&#8221;List Item&#8221; id=&#8221;1552140613-1-5&#8243; tab_id=&#8221;1552140688958-0&#8243; header=&#8221; Gdy jest dostarczony nowy sprz\u0119t, a personel nie ma do\u015bwiadczenia w jego obs\u0142udze.&#8221; text=&#8221; Gdy potrzebne jest uzupe\u0142nienie wiedzy, aktualizacja umiej\u0119tno\u015bci i nauka nowych funkcji sprz\u0119tu.&#8221;] [\/nectar_icon_list_item][nectar_icon_list_item icon_type=&#8221;numerical&#8221; title=&#8221;List Item&#8221; id=&#8221;1552140613-2-13&#8243; tab_id=&#8221;1552140688975-8&#8243; header=&#8221;Szkolenie od\u015bwie\u017caj\u0105ce:&#8221; text=&#8221;regularne szkolenia w celu aktualizacji i odnowienia umiej\u0119tno\u015bci przez ca\u0142y okres pracy sprz\u0119tu i personelu.&#8221;] [\/nectar_icon_list_item][\/nectar_icon_list][\/vc_column][\/vc_row][vc_row type=&#8221;in_container&#8221; full_screen_row_position=&#8221;middle&#8221; scene_position=&#8221;center&#8221; text_color=&#8221;dark&#8221; text_align=&#8221;left&#8221; overlay_strength=&#8221;0.3&#8243; shape_divider_position=&#8221;bottom&#8221;][vc_column column_padding=&#8221;no-extra-padding&#8221; column_padding_position=&#8221;all&#8221; background_color_opacity=&#8221;1&#8243; background_hover_color_opacity=&#8221;1&#8243; column_link_target=&#8221;_self&#8221; column_shadow=&#8221;none&#8221; column_border_radius=&#8221;none&#8221; width=&#8221;1\/4&#8243; tablet_width_inherit=&#8221;default&#8221; tablet_text_alignment=&#8221;default&#8221; phone_text_alignment=&#8221;default&#8221; column_border_width=&#8221;none&#8221; column_border_style=&#8221;solid&#8221;][\/vc_column][vc_column column_padding=&#8221;no-extra-padding&#8221; column_padding_position=&#8221;all&#8221; background_color_opacity=&#8221;1&#8243; background_hover_color_opacity=&#8221;1&#8243; column_link_target=&#8221;_self&#8221; column_shadow=&#8221;none&#8221; column_border_radius=&#8221;none&#8221; width=&#8221;1\/2&#8243; tablet_width_inherit=&#8221;default&#8221; tablet_text_alignment=&#8221;default&#8221; phone_text_alignment=&#8221;default&#8221; column_border_width=&#8221;none&#8221; column_border_style=&#8221;solid&#8221;][vc_column_text css=&#8221;.vc_custom_1552140803984{padding-right: 10% !important;}&#8221;]\n<p style=\"text-align: center;\"><span style=\"font-weight: 400;\">Aby przeprowadzi\u0107 efektywne szkolenia z obs\u0142ugi i konserwacji sprz\u0119tu, personel mo\u017ce odwiedzi\u0107 fabryk\u0119 producenta, aby monitorowa\u0107 proces monta\u017cu w czasie rzeczywistym. Mo\u017cna r\u00f3wnie\u017c zaprosi\u0107 przedstawiciela producenta, \u017ceby udzieli\u0142 odpowiedzi na wszystkie pojawiaj\u0105ce si\u0119 pytania.<\/span><\/p>\n<p style=\"text-align: center;\"><span style=\"font-weight: 400;\">Takie podej\u015bcie pomo\u017ce w dok\u0142adnym przestudiowaniu cech konstrukcyjnych sprz\u0119tu, nauczy podstawowych umiej\u0119tno\u015bci rozwi\u0105zywania problem\u00f3w i diagnostyki.<\/span><\/p>\n<p style=\"text-align: center;\"><span style=\"font-weight: 400;\">Aby skontaktowa\u0107 si\u0119 ze specjalistami z naszego dzia\u0142u serwisowego w przypadku pyta\u0144 dotycz\u0105cych szkole\u0144 operacyjnych, wy\u015blij zapytanie przez stron\u0119 internetow\u0105 lub skontaktuj si\u0119 bezpo\u015brednio przez e-mail:<br \/>\n<a href=\"mailto:service@aero-gse.com\"> service@aero-gse.com.<\/a><\/span><\/p>\n<p style=\"text-align: center;\"><strong>And our staff will contact you as soon as possible.<\/strong><\/p>\n[\/vc_column_text][\/vc_column][vc_column column_padding=&#8221;no-extra-padding&#8221; column_padding_position=&#8221;all&#8221; background_color_opacity=&#8221;1&#8243; background_hover_color_opacity=&#8221;1&#8243; column_link_target=&#8221;_self&#8221; column_shadow=&#8221;none&#8221; column_border_radius=&#8221;none&#8221; width=&#8221;1\/4&#8243; tablet_width_inherit=&#8221;default&#8221; tablet_text_alignment=&#8221;default&#8221; phone_text_alignment=&#8221;default&#8221; column_border_width=&#8221;none&#8221; column_border_style=&#8221;solid&#8221;][\/vc_column][\/vc_row]\n","protected":false},"excerpt":{"rendered":"<p>[vc_row type=&#8221;full_width_background&#8221; full_screen_row_position=&#8221;middle&#8221; equal_height=&#8221;yes&#8221; content_placement=&#8221;top&#8221; scene_position=&#8221;center&#8221; text_color=&#8221;dark&#8221; text_align=&#8221;left&#8221; top_padding=&#8221;5%&#8221; bottom_padding=&#8221;5%&#8221; id=&#8221;creative-services&#8221; overlay_strength=&#8221;0.3&#8243; shape_divider_position=&#8221;bottom&#8221; shape_type=&#8221;&#8221;][vc_column column_padding=&#8221;padding-2-percent&#8221; column_padding_position=&#8221;right&#8221; background_color_opacity=&#8221;1&#8243; background_hover_color_opacity=&#8221;1&#8243; column_link_target=&#8221;_self&#8221; column_shadow=&#8221;none&#8221; column_border_radius=&#8221;none&#8221; width=&#8221;1\/2&#8243; tablet_width_inherit=&#8221;default&#8221; tablet_text_alignment=&#8221;default&#8221; phone_text_alignment=&#8221;default&#8221;&#8230;<\/p>\n","protected":false},"author":1,"featured_media":0,"parent":0,"menu_order":0,"comment_status":"closed","ping_status":"closed","template":"","meta":{"footnotes":""},"class_list":["post-3944","page","type-page","status-publish"],"yoast_head":"<!-- This site is optimized with the Yoast SEO plugin v24.6 - https:\/\/yoast.com\/wordpress\/plugins\/seo\/ -->\n<title>Szkolenia operacyjne - AERO GSE<\/title>\n<meta name=\"robots\" content=\"index, follow, max-snippet:-1, max-image-preview:large, max-video-preview:-1\" \/>\n<link rel=\"canonical\" href=\"https:\/\/aero-gse.com\/operating-trainings\/\" \/>\n<meta property=\"og:locale\" content=\"pl_PL\" \/>\n<meta property=\"og:type\" content=\"article\" \/>\n<meta property=\"og:title\" content=\"Szkolenia operacyjne - AERO GSE\" \/>\n<meta property=\"og:description\" content=\"[vc_row type=&#8221;full_width_background&#8221; full_screen_row_position=&#8221;middle&#8221; equal_height=&#8221;yes&#8221; content_placement=&#8221;top&#8221; scene_position=&#8221;center&#8221; text_color=&#8221;dark&#8221; text_align=&#8221;left&#8221; top_padding=&#8221;5%&#8221; bottom_padding=&#8221;5%&#8221; id=&#8221;creative-services&#8221; overlay_strength=&#8221;0.3&#8243; shape_divider_position=&#8221;bottom&#8221; shape_type=&#8221;&#8221;][vc_column column_padding=&#8221;padding-2-percent&#8221; column_padding_position=&#8221;right&#8221; background_color_opacity=&#8221;1&#8243; background_hover_color_opacity=&#8221;1&#8243; column_link_target=&#8221;_self&#8221; column_shadow=&#8221;none&#8221; column_border_radius=&#8221;none&#8221; width=&#8221;1\/2&#8243; tablet_width_inherit=&#8221;default&#8221; tablet_text_alignment=&#8221;default&#8221; phone_text_alignment=&#8221;default&#8221;...\" \/>\n<meta property=\"og:url\" content=\"https:\/\/aero-gse.com\/operating-trainings\/\" \/>\n<meta property=\"og:site_name\" content=\"AERO GSE\" \/>\n<meta property=\"article:modified_time\" content=\"2020-11-06T10:11:07+00:00\" \/>\n<meta name=\"twitter:card\" content=\"summary_large_image\" \/>\n<meta name=\"twitter:label1\" content=\"Szacowany czas czytania\" \/>\n\t<meta name=\"twitter:data1\" content=\"3 minuty\" \/>\n<script type=\"application\/ld+json\" class=\"yoast-schema-graph\">{\"@context\":\"https:\/\/schema.org\",\"@graph\":[{\"@type\":\"WebPage\",\"@id\":\"https:\/\/aero-gse.com\/operating-trainings\/\",\"url\":\"https:\/\/aero-gse.com\/operating-trainings\/\",\"name\":\"Szkolenia operacyjne - AERO GSE\",\"isPartOf\":{\"@id\":\"https:\/\/aero-gse.com\/#website\"},\"datePublished\":\"2019-03-09T14:09:56+00:00\",\"dateModified\":\"2020-11-06T10:11:07+00:00\",\"breadcrumb\":{\"@id\":\"https:\/\/aero-gse.com\/operating-trainings\/#breadcrumb\"},\"inLanguage\":\"pl-PL\",\"potentialAction\":[{\"@type\":\"ReadAction\",\"target\":[\"https:\/\/aero-gse.com\/operating-trainings\/\"]}]},{\"@type\":\"BreadcrumbList\",\"@id\":\"https:\/\/aero-gse.com\/operating-trainings\/#breadcrumb\",\"itemListElement\":[{\"@type\":\"ListItem\",\"position\":1,\"name\":\"Strona g\u0142\u00f3wna\",\"item\":\"https:\/\/aero-gse.com\/pl\/\"},{\"@type\":\"ListItem\",\"position\":2,\"name\":\"Szkolenia operacyjne\"}]},{\"@type\":\"WebSite\",\"@id\":\"https:\/\/aero-gse.com\/#website\",\"url\":\"https:\/\/aero-gse.com\/\",\"name\":\"AERO GSE\",\"description\":\"\",\"potentialAction\":[{\"@type\":\"SearchAction\",\"target\":{\"@type\":\"EntryPoint\",\"urlTemplate\":\"https:\/\/aero-gse.com\/?s={search_term_string}\"},\"query-input\":{\"@type\":\"PropertyValueSpecification\",\"valueRequired\":true,\"valueName\":\"search_term_string\"}}],\"inLanguage\":\"pl-PL\"}]}<\/script>\n<!-- \/ Yoast SEO plugin. -->","yoast_head_json":{"title":"Szkolenia operacyjne - AERO GSE","robots":{"index":"index","follow":"follow","max-snippet":"max-snippet:-1","max-image-preview":"max-image-preview:large","max-video-preview":"max-video-preview:-1"},"canonical":"https:\/\/aero-gse.com\/operating-trainings\/","og_locale":"pl_PL","og_type":"article","og_title":"Szkolenia operacyjne - AERO GSE","og_description":"[vc_row type=&#8221;full_width_background&#8221; full_screen_row_position=&#8221;middle&#8221; equal_height=&#8221;yes&#8221; content_placement=&#8221;top&#8221; scene_position=&#8221;center&#8221; text_color=&#8221;dark&#8221; text_align=&#8221;left&#8221; top_padding=&#8221;5%&#8221; bottom_padding=&#8221;5%&#8221; id=&#8221;creative-services&#8221; overlay_strength=&#8221;0.3&#8243; shape_divider_position=&#8221;bottom&#8221; shape_type=&#8221;&#8221;][vc_column column_padding=&#8221;padding-2-percent&#8221; column_padding_position=&#8221;right&#8221; background_color_opacity=&#8221;1&#8243; background_hover_color_opacity=&#8221;1&#8243; column_link_target=&#8221;_self&#8221; column_shadow=&#8221;none&#8221; column_border_radius=&#8221;none&#8221; width=&#8221;1\/2&#8243; tablet_width_inherit=&#8221;default&#8221; tablet_text_alignment=&#8221;default&#8221; phone_text_alignment=&#8221;default&#8221;...","og_url":"https:\/\/aero-gse.com\/operating-trainings\/","og_site_name":"AERO GSE","article_modified_time":"2020-11-06T10:11:07+00:00","twitter_card":"summary_large_image","twitter_misc":{"Szacowany czas czytania":"3 minuty"},"schema":{"@context":"https:\/\/schema.org","@graph":[{"@type":"WebPage","@id":"https:\/\/aero-gse.com\/operating-trainings\/","url":"https:\/\/aero-gse.com\/operating-trainings\/","name":"Szkolenia operacyjne - AERO GSE","isPartOf":{"@id":"https:\/\/aero-gse.com\/#website"},"datePublished":"2019-03-09T14:09:56+00:00","dateModified":"2020-11-06T10:11:07+00:00","breadcrumb":{"@id":"https:\/\/aero-gse.com\/operating-trainings\/#breadcrumb"},"inLanguage":"pl-PL","potentialAction":[{"@type":"ReadAction","target":["https:\/\/aero-gse.com\/operating-trainings\/"]}]},{"@type":"BreadcrumbList","@id":"https:\/\/aero-gse.com\/operating-trainings\/#breadcrumb","itemListElement":[{"@type":"ListItem","position":1,"name":"Strona g\u0142\u00f3wna","item":"https:\/\/aero-gse.com\/pl\/"},{"@type":"ListItem","position":2,"name":"Szkolenia operacyjne"}]},{"@type":"WebSite","@id":"https:\/\/aero-gse.com\/#website","url":"https:\/\/aero-gse.com\/","name":"AERO GSE","description":"","potentialAction":[{"@type":"SearchAction","target":{"@type":"EntryPoint","urlTemplate":"https:\/\/aero-gse.com\/?s={search_term_string}"},"query-input":{"@type":"PropertyValueSpecification","valueRequired":true,"valueName":"search_term_string"}}],"inLanguage":"pl-PL"}]}},"_links":{"self":[{"href":"https:\/\/aero-gse.com\/pl\/wp-json\/wp\/v2\/pages\/3944","targetHints":{"allow":["GET"]}}],"collection":[{"href":"https:\/\/aero-gse.com\/pl\/wp-json\/wp\/v2\/pages"}],"about":[{"href":"https:\/\/aero-gse.com\/pl\/wp-json\/wp\/v2\/types\/page"}],"author":[{"embeddable":true,"href":"https:\/\/aero-gse.com\/pl\/wp-json\/wp\/v2\/users\/1"}],"replies":[{"embeddable":true,"href":"https:\/\/aero-gse.com\/pl\/wp-json\/wp\/v2\/comments?post=3944"}],"version-history":[{"count":4,"href":"https:\/\/aero-gse.com\/pl\/wp-json\/wp\/v2\/pages\/3944\/revisions"}],"predecessor-version":[{"id":4295,"href":"https:\/\/aero-gse.com\/pl\/wp-json\/wp\/v2\/pages\/3944\/revisions\/4295"}],"wp:attachment":[{"href":"https:\/\/aero-gse.com\/pl\/wp-json\/wp\/v2\/media?parent=3944"}],"curies":[{"name":"wp","href":"https:\/\/api.w.org\/{rel}","templated":true}]}}